{"id":1161,"date":"2019-11-14T09:05:56","date_gmt":"2019-11-14T06:05:56","guid":{"rendered":"http:\/\/shtheme.com\/demosd\/transpixwp\/?page_id=139"},"modified":"2023-02-02T12:58:48","modified_gmt":"2023-02-02T09:58:48","slug":"contact","status":"publish","type":"page","link":"https:\/\/pilogistics.com.tr\/en\/contact\/","title":{"rendered":"Contact"},"content":{"rendered":"\t\t<div data-elementor-type=\"wp-post\" data-elementor-id=\"1161\" class=\"elementor elementor-1161\">\n\t\t\t\t\t\t\t\t\t<section class=\"elementor-section elementor-top-section elementor-element elementor-element-04a32ce elementor-section-full_width elementor-section-height-default elementor-section-height-default\" data-id=\"04a32ce\" data-element_type=\"section\">\n\t\t\t\t\t\t<div class=\"elementor-container elementor-column-gap-default\">\n\t\t\t\t\t<div class=\"elementor-column elementor-col-100 elementor-top-column elementor-element elementor-element-33a9dca\" data-id=\"33a9dca\" data-element_type=\"column\">\n\t\t\t<div class=\"elementor-widget-wrap elementor-element-populated\">\n\t\t\t\t\t\t\t\t<div class=\"elementor-element elementor-element-1c3a727 elementor-widget elementor-widget-image\" data-id=\"1c3a727\" data-element_type=\"widget\" data-widget_type=\"image.default\">\n\t\t\t\t<div class=\"elementor-widget-container\">\n\t\t\t<style>\/*! elementor - v3.8.0 - 30-10-2022 *\/\n.elementor-widget-image{text-align:center}.elementor-widget-image a{display:inline-block}.elementor-widget-image a img[src$=\".svg\"]{width:48px}.elementor-widget-image img{vertical-align:middle;display:inline-block}<\/style>\t\t\t\t\t\t\t\t\t\t\t\t<img decoding=\"async\" width=\"2000\" height=\"244\" src=\"https:\/\/pilogistics.com.tr\/en\/wp-content\/uploads\/sites\/3\/2022\/11\/pi-kapka.jpg\" class=\"attachment-full size-full\" alt=\"\" loading=\"lazy\" srcset=\"https:\/\/pilogistics.com.tr\/en\/wp-content\/uploads\/sites\/3\/2022\/11\/pi-kapka.jpg 2000w, https:\/\/pilogistics.com.tr\/en\/wp-content\/uploads\/sites\/3\/2022\/11\/pi-kapka-300x37.jpg 300w, https:\/\/pilogistics.com.tr\/en\/wp-content\/uploads\/sites\/3\/2022\/11\/pi-kapka-1024x125.jpg 1024w, https:\/\/pilogistics.com.tr\/en\/wp-content\/uploads\/sites\/3\/2022\/11\/pi-kapka-768x94.jpg 768w, https:\/\/pilogistics.com.tr\/en\/wp-content\/uploads\/sites\/3\/2022\/11\/pi-kapka-1536x187.jpg 1536w\" sizes=\"(max-width: 2000px) 100vw, 2000px\" \/>\t\t\t\t\t\t\t\t\t\t\t\t\t\t\t<\/div>\n\t\t\t\t<\/div>\n\t\t\t\t<div class=\"elementor-element elementor-element-d24405c elementor-align-left elementor-widget elementor-widget-bdevs-contact\" data-id=\"d24405c\" data-element_type=\"widget\" data-widget_type=\"bdevs-contact.default\">\n\t\t\t\t<div class=\"elementor-widget-container\">\n\t\t\t\t   \t<div class=\"contact-section\">\n\t         <div class=\"container\">\n\t            <!--  contact infos start  -->\n\t            <div class=\"contact-infos\">\n\t               <div class=\"row no-gutters\">\n\t               \t\t                  <div class=\"col-lg-4 single-info-col\">\n\t                     <div class=\"single-info wow fadeInRight\" data-wow-duration=\"1s\" data-wow-delay=\".4s\">\n\t                        <div class=\"icon-wrapper\"><i class=\"far fa-envelope\"><\/i><\/div>\n\t                        <div class=\"info-txt\">\n\t                           <p>info@pilogistics.com.tr<\/p>\t                        <\/div>\n\t                     <\/div>\n\t                  <\/div>\n\t                \t                  <div class=\"col-lg-4 single-info-col\">\n\t                     <div class=\"single-info wow fadeInRight\" data-wow-duration=\"1s\" data-wow-delay=\".2s\">\n\t                        <div class=\"icon-wrapper\"><i class=\"fas fa-phone\"><\/i><\/div>\n\t                        <div class=\"info-txt\">\n\t                           <p>+90224 512 33 00<\/p><p>+90544 949 07 74<\/p>\t                        <\/div>\n\t                     <\/div>\n\t                  <\/div>\n\t                \t                  <div class=\"col-lg-4 single-info-col\">\n\t                     <div class=\"single-info wow fadeInRight\" data-wow-duration=\"1s\" data-wow-delay=\"0s\">\n\t                        <div class=\"icon-wrapper\"><i class=\"fas fa-home\"><\/i><\/div>\n\t                        <div class=\"info-txt\">\n\t                           \nHAM\u0130D\u0130YE MAH. \u0130ST\u0130KLAL CAD. G\u00dcRLE \u0130\u015e MERKEZ\u0130 NO 2 \u0130C KAPI NO:319 GEML\u0130K\/BURSA\t                        <\/div>\n\t                     <\/div>\n\t                  <\/div>\n\t                \t               <\/div>\n\t            <\/div>\n\t            <!--  contact infos end  -->\n\t            <!--  contact form and map start  -->\n\t            <div class=\"contact-form-section\">\n\t               <div class=\"row\">\n\t                  <div class=\"col-lg-6\">\n\t                  \t\t                     <span class=\"title\">P\u0130 LOGISTICS<\/span>\n\t                    \t                     \t                     <h2 class=\"subtitle\">CONTACT<\/h2>\n\t                    \t                     <div role=\"form\" class=\"wpcf7\" id=\"wpcf7-f8-o1\" lang=\"en-US\" dir=\"ltr\">\n<div class=\"screen-reader-response\"><p role=\"status\" aria-live=\"polite\" aria-atomic=\"true\"><\/p> <ul><\/ul><\/div>\n<form action=\"\/en\/wp-json\/wp\/v2\/pages\/1161#wpcf7-f8-o1\" method=\"post\" class=\"wpcf7-form init\" novalidate=\"novalidate\" data-status=\"init\">\n<div style=\"display: none;\">\n<input type=\"hidden\" name=\"_wpcf7\" value=\"8\" \/>\n<input type=\"hidden\" name=\"_wpcf7_version\" value=\"5.6.4\" \/>\n<input type=\"hidden\" name=\"_wpcf7_locale\" value=\"en_US\" \/>\n<input type=\"hidden\" name=\"_wpcf7_unit_tag\" value=\"wpcf7-f8-o1\" \/>\n<input type=\"hidden\" name=\"_wpcf7_container_post\" value=\"0\" \/>\n<input type=\"hidden\" name=\"_wpcf7_posted_data_hash\" value=\"\" \/>\n<\/div>\n<div>\n<div class=\"row\">\n<div class=\"col-md-6\">\n<div class=\"form-element\"><span class=\"wpcf7-form-control-wrap\" data-name=\"names\"><input type=\"text\" name=\"names\" value=\"\" size=\"40\" class=\"wpcf7-form-control wpcf7-text wpcf7-validates-as-required\" aria-required=\"true\" aria-invalid=\"false\" placeholder=\"Name\" \/><\/span><\/div>\n<\/div>\n<div class=\"col-md-6\">\n<div class=\"form-element\"><span class=\"wpcf7-form-control-wrap\" data-name=\"email\"><input type=\"email\" name=\"email\" value=\"\" size=\"40\" class=\"wpcf7-form-control wpcf7-text wpcf7-email wpcf7-validates-as-required wpcf7-validates-as-email\" aria-required=\"true\" aria-invalid=\"false\" placeholder=\"Email\" \/><\/span><\/div>\n<\/div>\n<div class=\"col-md-6\">\n<div class=\"form-element\"><span class=\"wpcf7-form-control-wrap\" data-name=\"phone\"><input type=\"text\" name=\"phone\" value=\"\" size=\"40\" class=\"wpcf7-form-control wpcf7-text wpcf7-validates-as-required\" aria-required=\"true\" aria-invalid=\"false\" placeholder=\"Phone\" \/><\/span><\/div>\n<\/div>\n<div class=\"col-md-6\">\n<div class=\"form-element\"><span class=\"wpcf7-form-control-wrap\" data-name=\"subject\"><input type=\"text\" name=\"subject\" value=\"\" size=\"40\" class=\"wpcf7-form-control wpcf7-text wpcf7-validates-as-required\" aria-required=\"true\" aria-invalid=\"false\" placeholder=\"Subject\" \/><\/span><\/div>\n<\/div>\n<div class=\"col-md-12\">\n<div class=\"form-element\">\n            <span class=\"wpcf7-form-control-wrap\" data-name=\"comment\"><textarea name=\"comment\" cols=\"30\" rows=\"10\" class=\"wpcf7-form-control wpcf7-textarea wpcf7-validates-as-required\" aria-required=\"true\" aria-invalid=\"false\" placeholder=\"Comment\"><\/textarea><\/span>\n         <\/div>\n<\/div>\n<div class=\"col-md-12\">\n<div class=\"form-element\">\n            <input type=\"submit\" value=\"Submit\" class=\"wpcf7-form-control has-spinner wpcf7-submit\" \/>\n         <\/div>\n<\/div>\n<\/div>\n<\/div>\n<div class=\"wpcf7-response-output\" aria-hidden=\"true\"><\/div><\/form><\/div>\t                  <\/div>\n\t                  <div class=\"col-lg-6\">\n\t                     <div class=\"map-wrapper\">\n\t                     \t\t<iframe loading=\"lazy\" src=\"https:\/\/www.google.com\/maps\/embed?pb=!1m14!1m8!1m3!1d24295.786080914302!2d29.155253000000002!3d40.431591!3m2!1i1024!2i768!4f13.1!3m3!1m2!1s0x0%3A0xc8e3501709dba68b!2sPi%20Denizcilik%20Lojistik%20G%C3%B6zetim%20Lashing%20ve%20Liman%20Hiz.LTD.ST%C4%B0.!5e0!3m2!1str!2str!4v1667490024211!5m2!1str!2str\" width=\"540\" height=\"524\" frameborder=\"0\" style=\"border:0;\" allowfullscreen=\"\"><\/iframe>\n\t                     <\/div>\n\t                  <\/div>\n\t               <\/div>\n\t            <\/div>\n\t            <!--  contact form and map end  -->\n\t         <\/div>\n\t      <\/div>\n\t\t\t<\/div>\n\t\t\t\t<\/div>\n\t\t\t\t\t<\/div>\n\t\t<\/div>\n\t\t\t\t\t\t\t<\/div>\n\t\t<\/section>\n\t\t\t\t\t\t\t<\/div>\n\t\t","protected":false},"excerpt":{"rendered":"<p>info@pilogistics.com.tr +90224 512 33 00+90544 949 07 74 HAM\u0130D\u0130YE MAH. \u0130ST\u0130KLAL CAD. G\u00dcRLE \u0130\u015e MERKEZ\u0130 NO 2 \u0130C KAPI NO:319 GEML\u0130K\/BURSA P\u0130 LOGISTICS CONTACT<\/p>\n","protected":false},"author":1,"featured_media":0,"parent":0,"menu_order":0,"comment_status":"closed","ping_status":"closed","template":"page-templates\/home-3.php","meta":{"_mi_skip_tracking":false,"ngg_post_thumbnail":0},"_links":{"self":[{"href":"https:\/\/pilogistics.com.tr\/en\/wp-json\/wp\/v2\/pages\/1161"}],"collection":[{"href":"https:\/\/pilogistics.com.tr\/en\/wp-json\/wp\/v2\/pages"}],"about":[{"href":"https:\/\/pilogistics.com.tr\/en\/wp-json\/wp\/v2\/types\/page"}],"author":[{"embeddable":true,"href":"https:\/\/pilogistics.com.tr\/en\/wp-json\/wp\/v2\/users\/1"}],"replies":[{"embeddable":true,"href":"https:\/\/pilogistics.com.tr\/en\/wp-json\/wp\/v2\/comments?post=1161"}],"version-history":[{"count":4,"href":"https:\/\/pilogistics.com.tr\/en\/wp-json\/wp\/v2\/pages\/1161\/revisions"}],"predecessor-version":[{"id":1249,"href":"https:\/\/pilogistics.com.tr\/en\/wp-json\/wp\/v2\/pages\/1161\/revisions\/1249"}],"wp:attachment":[{"href":"https:\/\/pilogistics.com.tr\/en\/wp-json\/wp\/v2\/media?parent=1161"}],"curies":[{"name":"wp","href":"https:\/\/api.w.org\/{rel}","templated":true}]}}